{"id":412,"date":"2023-10-30T07:44:32","date_gmt":"2023-10-30T07:44:32","guid":{"rendered":"https:\/\/www.medikalai.com.tr\/?page_id=412"},"modified":"2023-10-30T07:49:54","modified_gmt":"2023-10-30T07:49:54","slug":"faq","status":"publish","type":"page","link":"https:\/\/www.medikalai.com.tr\/tr\/faq\/","title":{"rendered":"FAQ"},"content":{"rendered":"\t\t<div data-elementor-type=\"wp-page\" data-elementor-id=\"412\" class=\"elementor elementor-412\" data-elementor-post-type=\"page\">\n\t\t\t\t\t\t\t<div class=\"elementor-element elementor-element-1a2951d e-flex e-con-boxed e-con e-parent\" data-id=\"1a2951d\" data-element_type=\"container\" data-settings=\"{&quot;content_width&quot;:&quot;boxed&quot;}\" data-core-v316-plus=\"true\">\n\t\t\t\t\t<div class=\"e-con-inner\">\n\t\t\t\t<div class=\"elementor-element elementor-element-cf4376a elementor-headline--style-highlight elementor-widget elementor-widget-animated-headline\" data-id=\"cf4376a\" data-element_type=\"widget\" data-settings=\"{&quot;highlighted_text&quot;:&quot;Sorular&quot;,&quot;headline_style&quot;:&quot;highlight&quot;,&quot;marker&quot;:&quot;circle&quot;,&quot;loop&quot;:&quot;yes&quot;,&quot;highlight_animation_duration&quot;:1200,&quot;highlight_iteration_delay&quot;:8000}\" data-widget_type=\"animated-headline.default\">\n\t\t\t\t<div class=\"elementor-widget-container\">\n\t\t\t<link rel=\"stylesheet\" href=\"https:\/\/www.medikalai.com.tr\/wp-content\/plugins\/elementor-pro\/assets\/css\/widget-animated-headline.min.css\">\t\t<h2 class=\"elementor-headline\">\n\t\t\t\t\t<span class=\"elementor-headline-plain-text elementor-headline-text-wrapper\">S\u0131k\u00e7a Sorulan<\/span>\n\t\t\t\t<span class=\"elementor-headline-dynamic-wrapper elementor-headline-text-wrapper\">\n\t\t\t\t\t<span class=\"elementor-headline-dynamic-text elementor-headline-text-active\">Sorular<\/span>\n\t\t\t\t<\/span>\n\t\t\t\t<\/h2>\n\t\t\t\t<\/div>\n\t\t\t\t<\/div>\n\t\t\t\t<div class=\"elementor-element elementor-element-a9c9e7b elementor-widget elementor-widget-toggle\" data-id=\"a9c9e7b\" data-element_type=\"widget\" data-widget_type=\"toggle.default\">\n\t\t\t\t<div class=\"elementor-widget-container\">\n\t\t\t<style>\/*! elementor - v3.16.0 - 14-09-2023 *\/\n.elementor-toggle{text-align:left}.elementor-toggle .elementor-tab-title{font-weight:700;line-height:1;margin:0;padding:15px;border-bottom:1px solid #d5d8dc;cursor:pointer;outline:none}.elementor-toggle .elementor-tab-title .elementor-toggle-icon{display:inline-block;width:1em}.elementor-toggle .elementor-tab-title .elementor-toggle-icon svg{margin-inline-start:-5px;width:1em;height:1em}.elementor-toggle .elementor-tab-title .elementor-toggle-icon.elementor-toggle-icon-right{float:right;text-align:right}.elementor-toggle .elementor-tab-title .elementor-toggle-icon.elementor-toggle-icon-left{float:left;text-align:left}.elementor-toggle .elementor-tab-title .elementor-toggle-icon .elementor-toggle-icon-closed{display:block}.elementor-toggle .elementor-tab-title .elementor-toggle-icon .elementor-toggle-icon-opened{display:none}.elementor-toggle .elementor-tab-title.elementor-active{border-bottom:none}.elementor-toggle .elementor-tab-title.elementor-active .elementor-toggle-icon-closed{display:none}.elementor-toggle .elementor-tab-title.elementor-active .elementor-toggle-icon-opened{display:block}.elementor-toggle .elementor-tab-content{padding:15px;border-bottom:1px solid #d5d8dc;display:none}@media (max-width:767px){.elementor-toggle .elementor-tab-title{padding:12px}.elementor-toggle .elementor-tab-content{padding:12px 10px}}.e-con-inner>.elementor-widget-toggle,.e-con>.elementor-widget-toggle{width:var(--container-widget-width);--flex-grow:var(--container-widget-flex-grow)}<\/style>\t\t<div class=\"elementor-toggle\">\n\t\t\t\t\t\t\t<div class=\"elementor-toggle-item\">\n\t\t\t\t\t<div id=\"elementor-tab-title-1781\" class=\"elementor-tab-title\" data-tab=\"1\" role=\"button\" aria-controls=\"elementor-tab-content-1781\" aria-expanded=\"false\">\n\t\t\t\t\t\t\t\t\t\t\t\t<span class=\"elementor-toggle-icon elementor-toggle-icon-left\" aria-hidden=\"true\">\n\t\t\t\t\t\t\t\t\t\t\t\t\t\t\t<span class=\"elementor-toggle-icon-closed\"><i class=\"fas fa-caret-right\"><\/i><\/span>\n\t\t\t\t\t\t\t\t<span class=\"elementor-toggle-icon-opened\"><i class=\"elementor-toggle-icon-opened fas fa-caret-up\"><\/i><\/span>\n\t\t\t\t\t\t\t\t\t\t\t\t\t<\/span>\n\t\t\t\t\t\t\t\t\t\t\t\t<a class=\"elementor-toggle-title\" tabindex=\"0\">Kemik ya\u015f\u0131 nedir?<\/a>\n\t\t\t\t\t<\/div>\n\n\t\t\t\t\t<div id=\"elementor-tab-content-1781\" class=\"elementor-tab-content elementor-clearfix\" data-tab=\"1\" role=\"region\" aria-labelledby=\"elementor-tab-title-1781\"><p class=\"p1\">Kemik ya\u015f\u0131, bireyin biyolojik ya\u015f\u0131n\u0131 g\u00f6steren bir \u00f6l\u00e7\u00fctt\u00fcr. Kemiklerin olgunla\u015fma derecesinin saptanmas\u0131 ile hesaplan\u0131r. Kemik ya\u015f\u0131 tespiti, \u00e7ocuklar\u0131n b\u00fcy\u00fcme potansiyelini kendi takvim ya\u015f\u0131ndan daha \u00e7ok, iskelet olgunla\u015fmas\u0131 g\u00f6z \u00f6n\u00fcne al\u0131narak de\u011ferlendirilmesini sa\u011flar<\/p><\/div>\n\t\t\t\t<\/div>\n\t\t\t\t\t\t\t<div class=\"elementor-toggle-item\">\n\t\t\t\t\t<div id=\"elementor-tab-title-1782\" class=\"elementor-tab-title\" data-tab=\"2\" role=\"button\" aria-controls=\"elementor-tab-content-1782\" aria-expanded=\"false\">\n\t\t\t\t\t\t\t\t\t\t\t\t<span class=\"elementor-toggle-icon elementor-toggle-icon-left\" aria-hidden=\"true\">\n\t\t\t\t\t\t\t\t\t\t\t\t\t\t\t<span class=\"elementor-toggle-icon-closed\"><i class=\"fas fa-caret-right\"><\/i><\/span>\n\t\t\t\t\t\t\t\t<span class=\"elementor-toggle-icon-opened\"><i class=\"elementor-toggle-icon-opened fas fa-caret-up\"><\/i><\/span>\n\t\t\t\t\t\t\t\t\t\t\t\t\t<\/span>\n\t\t\t\t\t\t\t\t\t\t\t\t<a class=\"elementor-toggle-title\" tabindex=\"0\">Geleneksel olarak Kemik ya\u015f\u0131 nas\u0131l \u00f6l\u00e7\u00fcl\u00fcr?<\/a>\n\t\t\t\t\t<\/div>\n\n\t\t\t\t\t<div id=\"elementor-tab-content-1782\" class=\"elementor-tab-content elementor-clearfix\" data-tab=\"2\" role=\"region\" aria-labelledby=\"elementor-tab-title-1782\"><p class=\"p1\">Kemik ya\u015f\u0131 \u00f6l\u00e7\u00fcm\u00fc, el-bilek r\u00f6ntgen filmlerinin radyolojik incelenmesi ile ger\u00e7ekle\u015ftirilir. Bu ama\u00e7la kullan\u0131lan Greulich-Pyle Atlas\u0131 kronolojik ya\u015f gruplar\u0131na g\u00f6re olmas\u0131 gereken standart el-bilek kemik haritalar\u0131ndan olu\u015fmaktad\u0131r. Bireyin sol el bilek r\u00f6ntgeni atlastaki ya\u015fa g\u00f6re standart resimlerle kar\u015f\u0131la\u015ft\u0131r\u0131l\u0131r. De\u011ferlendirmeyi radyoloji hekimleri yapar.<\/p><\/div>\n\t\t\t\t<\/div>\n\t\t\t\t\t\t\t<div class=\"elementor-toggle-item\">\n\t\t\t\t\t<div id=\"elementor-tab-title-1783\" class=\"elementor-tab-title\" data-tab=\"3\" role=\"button\" aria-controls=\"elementor-tab-content-1783\" aria-expanded=\"false\">\n\t\t\t\t\t\t\t\t\t\t\t\t<span class=\"elementor-toggle-icon elementor-toggle-icon-left\" aria-hidden=\"true\">\n\t\t\t\t\t\t\t\t\t\t\t\t\t\t\t<span class=\"elementor-toggle-icon-closed\"><i class=\"fas fa-caret-right\"><\/i><\/span>\n\t\t\t\t\t\t\t\t<span class=\"elementor-toggle-icon-opened\"><i class=\"elementor-toggle-icon-opened fas fa-caret-up\"><\/i><\/span>\n\t\t\t\t\t\t\t\t\t\t\t\t\t<\/span>\n\t\t\t\t\t\t\t\t\t\t\t\t<a class=\"elementor-toggle-title\" tabindex=\"0\">MEB-AI Kemik ya\u015f\u0131 karar destek sistemi nedir?<\/a>\n\t\t\t\t\t<\/div>\n\n\t\t\t\t\t<div id=\"elementor-tab-content-1783\" class=\"elementor-tab-content elementor-clearfix\" data-tab=\"3\" role=\"region\" aria-labelledby=\"elementor-tab-title-1783\"><p class=\"p1\">Kemik ya\u015f\u0131 karar destek sistemi kemik ya\u015f\u0131n\u0131n tespitinde yapay zek\u00e2 algoritmalar\u0131n\u0131 kullanan ve tahmini kemik ya\u015f\u0131n\u0131 veren sistemdir.<\/p><\/div>\n\t\t\t\t<\/div>\n\t\t\t\t\t\t\t<div class=\"elementor-toggle-item\">\n\t\t\t\t\t<div id=\"elementor-tab-title-1784\" class=\"elementor-tab-title\" data-tab=\"4\" role=\"button\" aria-controls=\"elementor-tab-content-1784\" aria-expanded=\"false\">\n\t\t\t\t\t\t\t\t\t\t\t\t<span class=\"elementor-toggle-icon elementor-toggle-icon-left\" aria-hidden=\"true\">\n\t\t\t\t\t\t\t\t\t\t\t\t\t\t\t<span class=\"elementor-toggle-icon-closed\"><i class=\"fas fa-caret-right\"><\/i><\/span>\n\t\t\t\t\t\t\t\t<span class=\"elementor-toggle-icon-opened\"><i class=\"elementor-toggle-icon-opened fas fa-caret-up\"><\/i><\/span>\n\t\t\t\t\t\t\t\t\t\t\t\t\t<\/span>\n\t\t\t\t\t\t\t\t\t\t\t\t<a class=\"elementor-toggle-title\" tabindex=\"0\">MEB-AI Kemik ya\u015f\u0131 karar destek sisteminin avantajlar\u0131 nedir?<\/a>\n\t\t\t\t\t<\/div>\n\n\t\t\t\t\t<div id=\"elementor-tab-content-1784\" class=\"elementor-tab-content elementor-clearfix\" data-tab=\"4\" role=\"region\" aria-labelledby=\"elementor-tab-title-1784\"><ul class=\"ul1\"><li class=\"li1\">Geleneksel y\u00f6ntemlere oranla \u00e7ok y\u00fcksek do\u011fruluk (\u00e7ocuklarda 3,5 ay eri\u015fkinlerde 2 y\u0131l hata pay\u0131)<\/li><li class=\"li1\">Adli t\u0131p ve antropoloji i\u00e7in eri\u015fkinlerde el bilek grafilerinden ilk defa kemik ya\u015f\u0131 tayini<\/li><li class=\"li1\">Saniyeler i\u00e7erisinde kemik ya\u015f\u0131 tespiti<\/li><li class=\"li1\">Radyoloji, ortopedi, pediatri ve adli t\u0131p hekimlerine karar s\u00fcre\u00e7lerinde destek<\/li><li class=\"li1\">Radyoloji hekimi bulunmayan hastanelerde \u00e7ocuk geli\u015fimi takibinde kolayl\u0131k<\/li><li class=\"li1\">Geleneksel y\u00f6ntemlere oranla d\u00fc\u015f\u00fck radyasyon dozu<\/li><li class=\"li1\">Zaman ve mek\u00e2n ba\u011f\u0131ms\u0131z de\u011ferlendirme<\/li><li class=\"li1\">\u00dclkemize uygun karar destek sistemi (Veri setinin g\u00fcncel tarihli olmas\u0131 ve \u00fclkemizin t\u00fcm co\u011frafi b\u00f6lgelerini i\u00e7ermesi)<\/li><\/ul><\/div>\n\t\t\t\t<\/div>\n\t\t\t\t\t\t\t<div class=\"elementor-toggle-item\">\n\t\t\t\t\t<div id=\"elementor-tab-title-1785\" class=\"elementor-tab-title\" data-tab=\"5\" role=\"button\" aria-controls=\"elementor-tab-content-1785\" aria-expanded=\"false\">\n\t\t\t\t\t\t\t\t\t\t\t\t<span class=\"elementor-toggle-icon elementor-toggle-icon-left\" aria-hidden=\"true\">\n\t\t\t\t\t\t\t\t\t\t\t\t\t\t\t<span class=\"elementor-toggle-icon-closed\"><i class=\"fas fa-caret-right\"><\/i><\/span>\n\t\t\t\t\t\t\t\t<span class=\"elementor-toggle-icon-opened\"><i class=\"elementor-toggle-icon-opened fas fa-caret-up\"><\/i><\/span>\n\t\t\t\t\t\t\t\t\t\t\t\t\t<\/span>\n\t\t\t\t\t\t\t\t\t\t\t\t<a class=\"elementor-toggle-title\" tabindex=\"0\">Geleneksel atlas y\u00f6ntemlerinin dezavantajlar\u0131 nelerdir?<\/a>\n\t\t\t\t\t<\/div>\n\n\t\t\t\t\t<div id=\"elementor-tab-content-1785\" class=\"elementor-tab-content elementor-clearfix\" data-tab=\"5\" role=\"region\" aria-labelledby=\"elementor-tab-title-1785\"><ul class=\"ul1\"><li class=\"li1\">Greulich-Pyle atlas\u0131 1931-1940 aras\u0131nda Amerika Birle\u015fik Devletleri Ohio eyaletinde yakla\u015f\u0131k 1000, beyaz, orta ve \u00fcst d\u00fczey sosyoekonomik d\u00fczeydeki \u00e7ocu\u011fun r\u00f6ntgenleri baz al\u0131narak geli\u015ftirilmi\u015ftir. G\u00fcncel de\u011fildir. \u00dclkemizde kullan\u0131lan G\u00f6k atlas\u0131 G-P atlas\u0131ndan uyarlamad\u0131r.<\/li><li class=\"li1\">Kemik ya\u015f\u0131 tayininde sadece sol el bilek de\u011fil ayr\u0131ca dirsek, omuz, akci\u011fer, pelvis r\u00f6ntgenleri gerekebilmekte ve radyasyon dozu artmaktad\u0131r.<\/li><li class=\"li1\">Kemik ya\u015f\u0131 tayini i\u00e7in uzmanla\u015fm\u0131\u015f hekim gereklidir.<\/li><li class=\"li1\">\u0130\u015flem toplam s\u00fcresi daha uzundur.<\/li><\/ul><\/div>\n\t\t\t\t<\/div>\n\t\t\t\t\t\t\t<div class=\"elementor-toggle-item\">\n\t\t\t\t\t<div id=\"elementor-tab-title-1786\" class=\"elementor-tab-title\" data-tab=\"6\" role=\"button\" aria-controls=\"elementor-tab-content-1786\" aria-expanded=\"false\">\n\t\t\t\t\t\t\t\t\t\t\t\t<span class=\"elementor-toggle-icon elementor-toggle-icon-left\" aria-hidden=\"true\">\n\t\t\t\t\t\t\t\t\t\t\t\t\t\t\t<span class=\"elementor-toggle-icon-closed\"><i class=\"fas fa-caret-right\"><\/i><\/span>\n\t\t\t\t\t\t\t\t<span class=\"elementor-toggle-icon-opened\"><i class=\"elementor-toggle-icon-opened fas fa-caret-up\"><\/i><\/span>\n\t\t\t\t\t\t\t\t\t\t\t\t\t<\/span>\n\t\t\t\t\t\t\t\t\t\t\t\t<a class=\"elementor-toggle-title\" tabindex=\"0\">Kemik ya\u015f\u0131 \u00e7ocuklarda ne zaman kullan\u0131l\u0131r?<\/a>\n\t\t\t\t\t<\/div>\n\n\t\t\t\t\t<div id=\"elementor-tab-content-1786\" class=\"elementor-tab-content elementor-clearfix\" data-tab=\"6\" role=\"region\" aria-labelledby=\"elementor-tab-title-1786\"><p class=\"p1\">Kemik ya\u015f\u0131 \u00e7ocuklarda b\u00fcy\u00fcme geli\u015fme takibinde kullan\u0131l\u0131r.<\/p><\/div>\n\t\t\t\t<\/div>\n\t\t\t\t\t\t\t<div class=\"elementor-toggle-item\">\n\t\t\t\t\t<div id=\"elementor-tab-title-1787\" class=\"elementor-tab-title\" data-tab=\"7\" role=\"button\" aria-controls=\"elementor-tab-content-1787\" aria-expanded=\"false\">\n\t\t\t\t\t\t\t\t\t\t\t\t<span class=\"elementor-toggle-icon elementor-toggle-icon-left\" aria-hidden=\"true\">\n\t\t\t\t\t\t\t\t\t\t\t\t\t\t\t<span class=\"elementor-toggle-icon-closed\"><i class=\"fas fa-caret-right\"><\/i><\/span>\n\t\t\t\t\t\t\t\t<span class=\"elementor-toggle-icon-opened\"><i class=\"elementor-toggle-icon-opened fas fa-caret-up\"><\/i><\/span>\n\t\t\t\t\t\t\t\t\t\t\t\t\t<\/span>\n\t\t\t\t\t\t\t\t\t\t\t\t<a class=\"elementor-toggle-title\" tabindex=\"0\">Adli t\u0131pta kemik ya\u015f\u0131 hangi durumlarda kullan\u0131l\u0131r?<\/a>\n\t\t\t\t\t<\/div>\n\n\t\t\t\t\t<div id=\"elementor-tab-content-1787\" class=\"elementor-tab-content elementor-clearfix\" data-tab=\"7\" role=\"region\" aria-labelledby=\"elementor-tab-title-1787\"><p class=\"p1\">\u00c7ocuklar\u0131n <b>cezai ehliyeti<\/b> \u00fc\u00e7<i> <\/i>grup halinde tasnif edilmi\u015ftir.<\/p><ul class=\"ul1\"><li class=\"li2\">On iki (12) Ya\u015f\u0131ndan K\u00fc\u00e7\u00fck \u00c7ocuklar\u0131n Cezai Ehliyeti,<\/li><li class=\"li2\">12-15 Ya\u015f Grubundaki \u00c7ocuklar\u0131n Cezai Ehliyeti,<\/li><li class=\"li2\">15-18 Ya\u015f Grubundaki \u00c7ocuklar\u0131n Cezai Ehliyeti.<\/li><\/ul><p class=\"p1\">Ayr\u0131ca su\u00e7 i\u015fleyin bireyin eri\u015fkin olup olmad\u0131\u011f\u0131, 18 ya\u015f\u0131n\u0131 ge\u00e7ip ge\u00e7medi\u011fi kemik ya\u015f\u0131 ile belirlenebilmektedir.<\/p><p class=\"p1\">Eri\u015fkinlerde ya\u015f tespit davalar\u0131nda kullan\u0131labilir.<\/p><\/div>\n\t\t\t\t<\/div>\n\t\t\t\t\t\t\t\t<\/div>\n\t\t\t\t<\/div>\n\t\t\t\t<\/div>\n\t\t\t\t\t<\/div>\n\t\t\t\t<\/div>\n\t\t\t\t\t\t\t<\/div>\n\t\t","protected":false},"excerpt":{"rendered":"<p>S\u0131k\u00e7a Sorulan Sorular Kemik ya\u015f\u0131 nedir? Kemik ya\u015f\u0131, bireyin biyolojik ya\u015f\u0131n\u0131 g\u00f6steren bir \u00f6l\u00e7\u00fctt\u00fcr. Kemiklerin olgunla\u015fma derecesinin saptanmas\u0131 ile hesaplan\u0131r. Kemik ya\u015f\u0131 tespiti, \u00e7ocuklar\u0131n b\u00fcy\u00fcme potansiyelini kendi takvim ya\u015f\u0131ndan daha \u00e7ok, iskelet olgunla\u015fmas\u0131 g\u00f6z \u00f6n\u00fcne al\u0131narak de\u011ferlendirilmesini sa\u011flar Geleneksel olarak Kemik ya\u015f\u0131 nas\u0131l \u00f6l\u00e7\u00fcl\u00fcr? Kemik ya\u015f\u0131 \u00f6l\u00e7\u00fcm\u00fc, el-bilek r\u00f6ntgen filmlerinin radyolojik incelenmesi ile ger\u00e7ekle\u015ftirilir. Bu [&hellip;]<\/p>\n","protected":false},"author":1,"featured_media":0,"parent":0,"menu_order":0,"comment_status":"closed","ping_status":"closed","template":"","meta":{"footnotes":""},"class_list":["post-412","page","type-page","status-publish","hentry"],"_links":{"self":[{"href":"https:\/\/www.medikalai.com.tr\/tr\/wp-json\/wp\/v2\/pages\/412","targetHints":{"allow":["GET"]}}],"collection":[{"href":"https:\/\/www.medikalai.com.tr\/tr\/wp-json\/wp\/v2\/pages"}],"about":[{"href":"https:\/\/www.medikalai.com.tr\/tr\/wp-json\/wp\/v2\/types\/page"}],"author":[{"embeddable":true,"href":"https:\/\/www.medikalai.com.tr\/tr\/wp-json\/wp\/v2\/users\/1"}],"replies":[{"embeddable":true,"href":"https:\/\/www.medikalai.com.tr\/tr\/wp-json\/wp\/v2\/comments?post=412"}],"version-history":[{"count":4,"href":"https:\/\/www.medikalai.com.tr\/tr\/wp-json\/wp\/v2\/pages\/412\/revisions"}],"predecessor-version":[{"id":416,"href":"https:\/\/www.medikalai.com.tr\/tr\/wp-json\/wp\/v2\/pages\/412\/revisions\/416"}],"wp:attachment":[{"href":"https:\/\/www.medikalai.com.tr\/tr\/wp-json\/wp\/v2\/media?parent=412"}],"curies":[{"name":"wp","href":"https:\/\/api.w.org\/{rel}","templated":true}]}}